{"id":142,"date":"2014-10-03T13:54:21","date_gmt":"2014-10-03T13:54:21","guid":{"rendered":"http:\/\/projeto.sitesquare.com.br\/facile\/santo-andre\/about-us\/"},"modified":"2020-07-23T14:37:03","modified_gmt":"2020-07-23T17:37:03","slug":"a-lavanderia","status":"publish","type":"page","link":"https:\/\/facilelavanderia.com.br\/lavanderia-santo-andre\/a-lavanderia\/","title":{"rendered":"A Lavanderia"},"content":{"rendered":"<div class=\"ef3-gtb-block wp-block-\"><section class=\"section  text-normal section-text-no-shadow section-inner-no-shadow section-normal section-opaque\"  >\n    \n    <div class=\"background-overlay grid-overlay-0 \" style=\"background-color: rgba(0,0,0,0);\"><\/div>\n\n    <div class=\"container container-vertical-default\">\n        <div class=\"row vertical-default\">\n            <div class=\"col-md-2     text-default small-screen-default\"  ><\/div><div class=\"col-md-8     text-default small-screen-default\"  ><\/div><div class=\"col-md-2     text-default small-screen-default\"  ><\/div>        <\/div>\n    <\/div>\n<\/section>\n<section class=\"section  text-normal section-text-no-shadow section-inner-no-shadow section-normal section-opaque\"  >\n    \n    <div class=\"background-overlay grid-overlay-0 \" style=\"background-color: rgba(0,0,0,0);\"><\/div>\n\n    <div class=\"container container-vertical-default\">\n        <div class=\"row vertical-default\">\n            <div class=\"col-md-6     text-default small-screen-default\"  ><div class=\"col-text-1 text-normal  element-top-20 element-bottom-20\" data-os-animation=\"none\" data-os-animation-delay=\"0s\">\n    <h2 class=\"text-left element-top-50 element-bottom-20 text-normal os-animation big default animated fadeIn\" data-os-animation=\"fadeIn\" data-os-animation-delay=\"0s\"><span style=\"color: #253768;\">Facile Lavanderia<\/span><\/h2>\n<\/div>\n<div class=\"divider-border  divider-border-left element-top-10 element-bottom-10 os-animation\" data-os-animation=\"fadeIn\" data-os-animation-delay=\"0.1s\"  style=\"height:3px;\">\n    <div class=\"divider-border-inner\"  style=\"width:60px;\"><\/div>\n<\/div><div class=\"col-text-1 text-normal  element-top-20 element-bottom-20\" data-os-animation=\"none\" data-os-animation-delay=\"0s\">\n    <p class=\"paragrafo\">A\u00a0<strong>Facile lavanderia<\/strong> foi criada com foco na facilidade, qualidade e bem estar dos seus clientes. Com equipamentos da mais alta tecnologia em tratamento t\u00eaxtil, tratamos sua roupa ao inv\u00e9s de somente lav\u00e1-la, o consumo consciente dos recursos naturais \u00e9 prioridade em nossa pol\u00edtica, pois estamos sempre atentos \u00e0s inova\u00e7\u00f5es tecnol\u00f3gicas que hoje priorizam o racionamento.<\/p>\n<p class=\"paragrafo\">O tratamento diferenciado pe\u00e7a por pe\u00e7a garantem \u00f3timos resultados na qualidade final. Acreditamos que nossa comunica\u00e7\u00e3o com clientes e colaboradores deve ser clara e precisa, objetivando transpar\u00eancia em nossas rela\u00e7\u00f5es e ganho na confian\u00e7a entre as partes.\u00a0Venha nos conhecer, certamente ficar\u00e1 satisfeito com nosso atendimento!<\/p>\n<\/div>\n<\/div><div class=\"col-md-6     text-default small-screen-default\"  ><div class=\"divider-wrapper \" style=\"visibility:hidden;background-color:#FFFFFF\">\n    <div class=\"visible-xs\" style=\"height:24px;\"><\/div>\n    <div class=\"visible-sm\" style=\"height:24px;\"><\/div>\n    <div class=\"visible-md\" style=\"height:80px;\"><\/div>\n    <div class=\"visible-lg\" style=\"height:80px;\"><\/div>\n<\/div><div class=\"figure element-top-0 element-bottom-0   os-animation\" data-os-animation=\"fadeIn\" data-os-animation-delay=\"0.1s\">\n            <span class=\"figure-image\">\n        <img loading=\"lazy\" decoding=\"async\" width=\"1936\" height=\"1296\" src=\"https:\/\/facilelavanderia.com.br\/lavanderia-santo-andre\/wp-content\/uploads\/2020\/07\/DSC_0167.jpg\" class=\"attachment-full size-full\" alt=\"\" srcset=\"https:\/\/facilelavanderia.com.br\/lavanderia-santo-andre\/wp-content\/uploads\/2020\/07\/DSC_0167.jpg 1936w, https:\/\/facilelavanderia.com.br\/lavanderia-santo-andre\/wp-content\/uploads\/2020\/07\/DSC_0167-768x514.jpg 768w, https:\/\/facilelavanderia.com.br\/lavanderia-santo-andre\/wp-content\/uploads\/2020\/07\/DSC_0167-1536x1028.jpg 1536w, https:\/\/facilelavanderia.com.br\/lavanderia-santo-andre\/wp-content\/uploads\/2020\/07\/DSC_0167-600x402.jpg 600w\" sizes=\"auto, (max-width: 1936px) 100vw, 1936px\" \/>            <\/span>\n    <\/div>\n<\/div>        <\/div>\n    <\/div>\n<\/section>\n<section class=\"section  text-normal section-text-no-shadow section-inner-no-shadow section-normal section-opaque\"  >\n    \n    <div class=\"background-overlay grid-overlay-0 \" style=\"background-color: rgba(242,242,242,0);\"><\/div>\n\n    <div class=\"container-fullwidth container-vertical-default\">\n        <div class=\"row vertical-default\">\n            <div class=\"col-md-6     text-default small-screen-default\"  style=\"background:#f2f2f2;\"><div class=\"figure element-top-20 element-bottom-20  \" data-os-animation=\"none\" data-os-animation-delay=\"0s\">\n            <a href=\"https:\/\/facilelavanderia.com.br\/lavanderia-santo-andre\/wp-content\/uploads\/2020\/05\/banner-home-1-scaled.jpg\" class=\"figure-image magnific\" target=\"_self\">\n        <img loading=\"lazy\" decoding=\"async\" width=\"2560\" height=\"1707\" src=\"https:\/\/facilelavanderia.com.br\/lavanderia-santo-andre\/wp-content\/uploads\/2020\/05\/banner-home-1-scaled.jpg\" class=\"attachment-full size-full\" alt=\"\" srcset=\"https:\/\/facilelavanderia.com.br\/lavanderia-santo-andre\/wp-content\/uploads\/2020\/05\/banner-home-1-scaled.jpg 2560w, https:\/\/facilelavanderia.com.br\/lavanderia-santo-andre\/wp-content\/uploads\/2020\/05\/banner-home-1-768x512.jpg 768w, https:\/\/facilelavanderia.com.br\/lavanderia-santo-andre\/wp-content\/uploads\/2020\/05\/banner-home-1-1536x1024.jpg 1536w, https:\/\/facilelavanderia.com.br\/lavanderia-santo-andre\/wp-content\/uploads\/2020\/05\/banner-home-1-2048x1366.jpg 2048w, https:\/\/facilelavanderia.com.br\/lavanderia-santo-andre\/wp-content\/uploads\/2020\/05\/banner-home-1-600x400.jpg 600w\" sizes=\"auto, (max-width: 2560px) 100vw, 2560px\" \/>            <\/a>\n    <\/div>\n<\/div><div class=\"col-md-6     text-default small-screen-default\"  style=\"background:#f2f2f2;\"><div class=\"divider-wrapper \" style=\"visibility:hidden;background-color:#FFFFFF\">\n    <div class=\"visible-xs\" style=\"height:18px;\"><\/div>\n    <div class=\"visible-sm\" style=\"height:24px;\"><\/div>\n    <div class=\"visible-md\" style=\"height:50px;\"><\/div>\n    <div class=\"visible-lg\" style=\"height:50px;\"><\/div>\n<\/div><div class=\"col-text-1 text-normal  element-top-20 element-bottom-20 os-animation\" data-os-animation=\"fadeIn\" data-os-animation-delay=\"0.1s\">\n    <header class=\"entry-header\">\n<p class=\"entry-title\"><span style=\"color: #263a67;\"><strong><span style=\"font-size: 22px;\">Sistema Exclusivo de lavagem<\/span><\/strong><\/span><\/p>\n<\/header>\n<div class=\"entry-content\">\n<div id=\"pl-475\">\n<div id=\"pg-475-0\" class=\"panel-grid\">\n<div id=\"pgc-475-0-0\" class=\"panel-grid-cell\">\n<div id=\"panel-475-0-0-0\" class=\"so-panel widget widget_sow-editor panel-first-child panel-last-child\" data-index=\"0\">\n<div class=\"so-widget-sow-editor so-widget-sow-editor-base\">\n<div class=\"siteorigin-widget-tinymce textwidget\">\n<p class=\"paragrafo\">A Facile Lavanderia Santo Andr\u00e9 conta com equipamentos de \u00faltima gera\u00e7\u00e3o. Maior confian\u00e7a e qualidade no servi\u00e7o. <span style=\"color: #263a67;\"><strong>Ideal para:<\/strong><\/span><\/p>\n<p class=\"paragrafo\">&#8211; Lavagem e higieniza\u00e7\u00e3o de:<br \/>\n&#8211; Vestido de Noiva.<br \/>\n&#8211; Vestido de festa.<br \/>\n&#8211; Roupas delicadas.<br \/>\n&#8211; Ternos e roupas sociais.<\/p>\n<p class=\"paragrafo\"><span style=\"color: #263a67;\"><strong>Diferenciais do processo Wet Cleaning:<\/strong><\/span><\/p>\n<p class=\"paragrafo\">&#8211; Apresenta excelentes resultados em remo\u00e7\u00e3o de manchas de suor e prote\u00ednas.<br \/>\n&#8211; Permite a lavagem de tecidos finos com lantejoulas e adornos.<br \/>\n&#8211; Devolve e maciez e a cor de sua pe\u00e7a.<br \/>\n&#8211; Consumo reduzido de energia e \u00e1gua.<\/p>\n<\/div>\n<\/div>\n<\/div>\n<\/div>\n<\/div>\n<\/div>\n<\/div>\n<\/div>\n<\/div>        <\/div>\n    <\/div>\n<\/section>\n<section class=\"section  text-normal section-text-no-shadow section-inner-no-shadow section-normal section-opaque\"  >\n    \n    <div class=\"background-overlay grid-overlay-0 \" style=\"background-color: rgba(0,0,0,0);\"><\/div>\n\n    <div class=\"container container-vertical-default\">\n        <div class=\"row vertical-default\">\n            <div class=\"col-md-12     text-default small-screen-default\"  ><div class=\"divider-wrapper \" style=\"visibility:hidden;background-color:#FFFFFF\">\n    <div class=\"visible-xs\" style=\"height:18px;\"><\/div>\n    <div class=\"visible-sm\" style=\"height:24px;\"><\/div>\n    <div class=\"visible-md\" style=\"height:30px;\"><\/div>\n    <div class=\"visible-lg\" style=\"height:30px;\"><\/div>\n<\/div><div class=\"col-text-1 text-normal  element-top-20 element-bottom-20\" data-os-animation=\"none\" data-os-animation-delay=\"0s\">\n    <h2 class=\" element-top-50 element-bottom-20 text-normal os-animation big default animated fadeIn\" style=\"text-align: center;\" data-os-animation=\"fadeIn\" data-os-animation-delay=\"0s\"><strong><span style=\"color: #253768;\">Venha fazer uma visita<\/span><\/strong><\/h2>\n<\/div>\n<div class=\"divider-wrapper \" style=\"visibility:hidden;background-color:#FFFFFF\">\n    <div class=\"visible-xs\" style=\"height:18px;\"><\/div>\n    <div class=\"visible-sm\" style=\"height:24px;\"><\/div>\n    <div class=\"visible-md\" style=\"height:30px;\"><\/div>\n    <div class=\"visible-lg\" style=\"height:30px;\"><\/div>\n<\/div><div class=\"figure element-top-20 element-bottom-20  \" data-os-animation=\"none\" data-os-animation-delay=\"0s\">\n            <a href=\"https:\/\/facilelavanderia.com.br\/lavanderia-santo-andre\/wp-content\/uploads\/2020\/07\/sa-scaled.jpg\" class=\"figure-image magnific\" target=\"_self\">\n        <img loading=\"lazy\" decoding=\"async\" width=\"2560\" height=\"1608\" src=\"https:\/\/facilelavanderia.com.br\/lavanderia-santo-andre\/wp-content\/uploads\/2020\/07\/sa-scaled.jpg\" class=\"attachment-full size-full\" alt=\"\" srcset=\"https:\/\/facilelavanderia.com.br\/lavanderia-santo-andre\/wp-content\/uploads\/2020\/07\/sa-scaled.jpg 2560w, https:\/\/facilelavanderia.com.br\/lavanderia-santo-andre\/wp-content\/uploads\/2020\/07\/sa-768x482.jpg 768w, https:\/\/facilelavanderia.com.br\/lavanderia-santo-andre\/wp-content\/uploads\/2020\/07\/sa-1536x965.jpg 1536w, https:\/\/facilelavanderia.com.br\/lavanderia-santo-andre\/wp-content\/uploads\/2020\/07\/sa-2048x1287.jpg 2048w, https:\/\/facilelavanderia.com.br\/lavanderia-santo-andre\/wp-content\/uploads\/2020\/07\/sa-600x377.jpg 600w\" sizes=\"auto, (max-width: 2560px) 100vw, 2560px\" \/>            <\/a>\n    <\/div>\n<div class=\"divider-wrapper \" style=\"visibility:hidden;background-color:#FFFFFF\">\n    <div class=\"visible-xs\" style=\"height:18px;\"><\/div>\n    <div class=\"visible-sm\" style=\"height:24px;\"><\/div>\n    <div class=\"visible-md\" style=\"height:30px;\"><\/div>\n    <div class=\"visible-lg\" style=\"height:30px;\"><\/div>\n<\/div><\/div>        <\/div>\n    <\/div>\n<\/section><\/div>\n","protected":false},"excerpt":{"rendered":"Facile Lavanderia A\u00a0Facile lavanderia foi criada com foco na facilidade, qualidade e bem estar dos seus clientes. Com equipamentos da mais alta tecnologia em tratamento t\u00eaxtil, tratamos sua roupa ao inv\u00e9s de somente lav\u00e1-la, o consumo consciente dos recursos naturais \u00e9 prioridade em nossa pol\u00edtica, pois estamos sempre atentos \u00e0s inova\u00e7\u00f5es tecnol\u00f3gicas que hoje priorizam","protected":false},"author":1,"featured_media":0,"parent":0,"menu_order":0,"comment_status":"open","ping_status":"open","template":"","meta":{"_monsterinsights_skip_tracking":false,"_monsterinsights_sitenote_active":false,"_monsterinsights_sitenote_note":"","_monsterinsights_sitenote_category":0,"footnotes":""},"class_list":["post-142","page","type-page","status-publish","hentry"],"yoast_head":"<!-- This site is optimized with the Yoast SEO plugin v27.2 - https:\/\/yoast.com\/product\/yoast-seo-wordpress\/ -->\n<title>A Lavanderia - Facile Lavanderia<\/title>\n<meta name=\"robots\" content=\"index, follow, max-snippet:-1, max-image-preview:large, max-video-preview:-1\" \/>\n<link rel=\"canonical\" href=\"https:\/\/facilelavanderia.com.br\/lavanderia-santo-andre\/a-lavanderia\/\" \/>\n<meta property=\"og:locale\" content=\"pt_BR\" \/>\n<meta property=\"og:type\" content=\"article\" \/>\n<meta property=\"og:title\" content=\"A Lavanderia - Facile Lavanderia\" \/>\n<meta property=\"og:url\" content=\"https:\/\/facilelavanderia.com.br\/lavanderia-santo-andre\/a-lavanderia\/\" \/>\n<meta property=\"og:site_name\" content=\"Facile Lavanderia\" \/>\n<meta property=\"article:modified_time\" content=\"2020-07-23T17:37:03+00:00\" \/>\n<meta name=\"twitter:card\" content=\"summary_large_image\" \/>\n<meta name=\"twitter:label1\" content=\"Est. tempo de leitura\" \/>\n\t<meta name=\"twitter:data1\" content=\"2 minutos\" \/>\n<script type=\"application\/ld+json\" class=\"yoast-schema-graph\">{\"@context\":\"https:\/\/schema.org\",\"@graph\":[{\"@type\":\"WebPage\",\"@id\":\"https:\/\/facilelavanderia.com.br\/lavanderia-santo-andre\/a-lavanderia\/\",\"url\":\"https:\/\/facilelavanderia.com.br\/lavanderia-santo-andre\/a-lavanderia\/\",\"name\":\"A Lavanderia - Facile Lavanderia\",\"isPartOf\":{\"@id\":\"https:\/\/facilelavanderia.com.br\/lavanderia-santo-andre\/#website\"},\"datePublished\":\"2014-10-03T13:54:21+00:00\",\"dateModified\":\"2020-07-23T17:37:03+00:00\",\"breadcrumb\":{\"@id\":\"https:\/\/facilelavanderia.com.br\/lavanderia-santo-andre\/a-lavanderia\/#breadcrumb\"},\"inLanguage\":\"pt-BR\",\"potentialAction\":[{\"@type\":\"ReadAction\",\"target\":[\"https:\/\/facilelavanderia.com.br\/lavanderia-santo-andre\/a-lavanderia\/\"]}]},{\"@type\":\"BreadcrumbList\",\"@id\":\"https:\/\/facilelavanderia.com.br\/lavanderia-santo-andre\/a-lavanderia\/#breadcrumb\",\"itemListElement\":[{\"@type\":\"ListItem\",\"position\":1,\"name\":\"In\u00edcio\",\"item\":\"https:\/\/facilelavanderia.com.br\/lavanderia-santo-andre\/\"},{\"@type\":\"ListItem\",\"position\":2,\"name\":\"A Lavanderia\"}]},{\"@type\":\"WebSite\",\"@id\":\"https:\/\/facilelavanderia.com.br\/lavanderia-santo-andre\/#website\",\"url\":\"https:\/\/facilelavanderia.com.br\/lavanderia-santo-andre\/\",\"name\":\"Facile Lavanderia\",\"description\":\"\",\"potentialAction\":[{\"@type\":\"SearchAction\",\"target\":{\"@type\":\"EntryPoint\",\"urlTemplate\":\"https:\/\/facilelavanderia.com.br\/lavanderia-santo-andre\/?s={search_term_string}\"},\"query-input\":{\"@type\":\"PropertyValueSpecification\",\"valueRequired\":true,\"valueName\":\"search_term_string\"}}],\"inLanguage\":\"pt-BR\"}]}<\/script>\n<!-- \/ Yoast SEO plugin. -->","yoast_head_json":{"title":"A Lavanderia - Facile Lavanderia","robots":{"index":"index","follow":"follow","max-snippet":"max-snippet:-1","max-image-preview":"max-image-preview:large","max-video-preview":"max-video-preview:-1"},"canonical":"https:\/\/facilelavanderia.com.br\/lavanderia-santo-andre\/a-lavanderia\/","og_locale":"pt_BR","og_type":"article","og_title":"A Lavanderia - Facile Lavanderia","og_url":"https:\/\/facilelavanderia.com.br\/lavanderia-santo-andre\/a-lavanderia\/","og_site_name":"Facile Lavanderia","article_modified_time":"2020-07-23T17:37:03+00:00","twitter_card":"summary_large_image","twitter_misc":{"Est. tempo de leitura":"2 minutos"},"schema":{"@context":"https:\/\/schema.org","@graph":[{"@type":"WebPage","@id":"https:\/\/facilelavanderia.com.br\/lavanderia-santo-andre\/a-lavanderia\/","url":"https:\/\/facilelavanderia.com.br\/lavanderia-santo-andre\/a-lavanderia\/","name":"A Lavanderia - Facile Lavanderia","isPartOf":{"@id":"https:\/\/facilelavanderia.com.br\/lavanderia-santo-andre\/#website"},"datePublished":"2014-10-03T13:54:21+00:00","dateModified":"2020-07-23T17:37:03+00:00","breadcrumb":{"@id":"https:\/\/facilelavanderia.com.br\/lavanderia-santo-andre\/a-lavanderia\/#breadcrumb"},"inLanguage":"pt-BR","potentialAction":[{"@type":"ReadAction","target":["https:\/\/facilelavanderia.com.br\/lavanderia-santo-andre\/a-lavanderia\/"]}]},{"@type":"BreadcrumbList","@id":"https:\/\/facilelavanderia.com.br\/lavanderia-santo-andre\/a-lavanderia\/#breadcrumb","itemListElement":[{"@type":"ListItem","position":1,"name":"In\u00edcio","item":"https:\/\/facilelavanderia.com.br\/lavanderia-santo-andre\/"},{"@type":"ListItem","position":2,"name":"A Lavanderia"}]},{"@type":"WebSite","@id":"https:\/\/facilelavanderia.com.br\/lavanderia-santo-andre\/#website","url":"https:\/\/facilelavanderia.com.br\/lavanderia-santo-andre\/","name":"Facile Lavanderia","description":"","potentialAction":[{"@type":"SearchAction","target":{"@type":"EntryPoint","urlTemplate":"https:\/\/facilelavanderia.com.br\/lavanderia-santo-andre\/?s={search_term_string}"},"query-input":{"@type":"PropertyValueSpecification","valueRequired":true,"valueName":"search_term_string"}}],"inLanguage":"pt-BR"}]}},"_links":{"self":[{"href":"https:\/\/facilelavanderia.com.br\/lavanderia-santo-andre\/wp-json\/wp\/v2\/pages\/142","targetHints":{"allow":["GET"]}}],"collection":[{"href":"https:\/\/facilelavanderia.com.br\/lavanderia-santo-andre\/wp-json\/wp\/v2\/pages"}],"about":[{"href":"https:\/\/facilelavanderia.com.br\/lavanderia-santo-andre\/wp-json\/wp\/v2\/types\/page"}],"author":[{"embeddable":true,"href":"https:\/\/facilelavanderia.com.br\/lavanderia-santo-andre\/wp-json\/wp\/v2\/users\/1"}],"replies":[{"embeddable":true,"href":"https:\/\/facilelavanderia.com.br\/lavanderia-santo-andre\/wp-json\/wp\/v2\/comments?post=142"}],"version-history":[{"count":25,"href":"https:\/\/facilelavanderia.com.br\/lavanderia-santo-andre\/wp-json\/wp\/v2\/pages\/142\/revisions"}],"predecessor-version":[{"id":1433,"href":"https:\/\/facilelavanderia.com.br\/lavanderia-santo-andre\/wp-json\/wp\/v2\/pages\/142\/revisions\/1433"}],"wp:attachment":[{"href":"https:\/\/facilelavanderia.com.br\/lavanderia-santo-andre\/wp-json\/wp\/v2\/media?parent=142"}],"curies":[{"name":"wp","href":"https:\/\/api.w.org\/{rel}","templated":true}]}}